{"id":15,"date":"2024-06-07T18:37:32","date_gmt":"2024-06-07T15:37:32","guid":{"rendered":"https:\/\/www.globalmapengineering.com\/tr\/?page_id=15"},"modified":"2024-08-06T15:00:20","modified_gmt":"2024-08-06T12:00:20","slug":"faaliyet-turleri","status":"publish","type":"page","link":"https:\/\/www.globalmapengineering.com\/tr\/faaliyet-turleri\/","title":{"rendered":"FAAL\u0130YET T\u00dcRLER\u0130"},"content":{"rendered":"<div class=\"fusion-fullwidth fullwidth-box fusion-builder-row-1 fusion-flex-container has-pattern-background has-mask-background nonhundred-percent-fullwidth non-hundred-percent-height-scrolling\" style=\"--awb-border-radius-top-left:0px;--awb-border-radius-top-right:0px;--awb-border-radius-bottom-right:0px;--awb-border-radius-bottom-left:0px;--awb-flex-wrap:wrap;\" ><div class=\"fusion-builder-row fusion-row fusion-flex-align-items-flex-start fusion-flex-content-wrap\" style=\"max-width:1248px;margin-left: calc(-4% \/ 2 );margin-right: calc(-4% \/ 2 );\"><div class=\"fusion-layout-column fusion_builder_column fusion-builder-column-0 fusion_builder_column_1_1 1_1 fusion-flex-column\" style=\"--awb-bg-size:cover;--awb-width-large:100%;--awb-margin-top-large:0px;--awb-spacing-right-large:1.92%;--awb-margin-bottom-large:20px;--awb-spacing-left-large:1.92%;--awb-width-medium:100%;--awb-order-medium:0;--awb-spacing-right-medium:1.92%;--awb-spacing-left-medium:1.92%;--awb-width-small:100%;--awb-order-small:0;--awb-spacing-right-small:1.92%;--awb-spacing-left-small:1.92%;\"><div class=\"fusion-column-wrapper fusion-column-has-shadow fusion-flex-justify-content-flex-start fusion-content-layout-column\"><div class=\"fusion-title title fusion-title-1 fusion-title-text fusion-title-size-one\" style=\"--awb-margin-top-small:10px;--awb-margin-right-small:0px;--awb-margin-bottom-small:10px;--awb-margin-left-small:0px;--awb-sep-color:#315b75;\"><div class=\"title-sep-container title-sep-container-left fusion-no-large-visibility fusion-no-medium-visibility fusion-no-small-visibility\"><div class=\"title-sep sep-double sep-dashed\" style=\"border-color:#315b75;\"><\/div><\/div><span class=\"awb-title-spacer fusion-no-large-visibility fusion-no-medium-visibility fusion-no-small-visibility\"><\/span><h1 class=\"fusion-title-heading title-heading-left awb-gradient-text\" style=\"margin:0;background-color:#61a2c7;background-image:linear-gradient(180deg, #61a2c7 42%,#315b75 60%);\">FAAL\u0130YET T\u00dcRLER\u0130<\/h1><span class=\"awb-title-spacer\"><\/span><div class=\"title-sep-container title-sep-container-right\"><div class=\"title-sep sep-double sep-dashed\" style=\"border-color:#315b75;\"><\/div><\/div><\/div><div class=\"fusion-text fusion-text-1\"><p><strong>Global Map Engineering \u015eirketinin Faaliyet T\u00fcrleri<\/strong><\/p>\n<p>1. Jeodezik \u0130zleme: Jeodezik izleme programlar\u0131 geli\u015ftirme ve sipari\u015fe uygun uygulama.<br \/>\n2. Program Geli\u015ftirme: Y\u00fcr\u00fct\u00fclen yap\u0131lar\u0131n jeodezik izlemini ve etki alan\u0131na giren di\u011fer nesneleri i\u00e7eren tam program setleri geli\u015ftirme.<br \/>\n3. Tam Hizmet Sa\u011flama: Yap\u0131 d\u00f6ng\u00fclerinin uygulanmas\u0131 ve koordinat izleme sistemlerinin entegrasyonu; deformasyon sens\u00f6rleri, e\u011fim sens\u00f6rleri, s\u0131cakl\u0131k ve nem \u00f6l\u00e7erler, termometreler, yer de\u011fi\u015ftirme dedekt\u00f6rleri, uydu navigasyon sistemleri.<br \/>\n4. Teknik Haz\u0131rl\u0131k: Yap\u0131lar\u0131n deformasyonuyla ili\u015fkili m\u00fchendislik yap\u0131lar\u0131 \u00fczerinde ayr\u0131nt\u0131l\u0131 analiz ve \u00f6l\u00e7\u00fcm yapma.<\/p>\n<p><strong>M\u00fchendislik ve Jeodezik Destekleme Hizmetleri<\/strong><\/p>\n<p>1. Proje Geli\u015ftirme: PTPIR kapsam\u0131nda jeodezik \u00e7al\u0131\u015fmalar\u0131n t\u00fcm a\u015famalar\u0131nda proje geli\u015ftirme.<br \/>\n2. Jeodezik A\u011f Kurma: \u00d6zel olarak tasarlanm\u0131\u015f jeodezik a\u011flar olu\u015fturma.<br \/>\n3. Jeodezik A\u011f \u0130nceleme: Jeodezik a\u011flar\u0131 analiz etme ve g\u00fcncelleme.<br \/>\n4. Kapsaml\u0131 Hizmetler: Temel metal yap\u0131lar (t\u00fcp y\u0131\u011f\u0131nlar\u0131, kiri\u015f temelleri, BHC, temeller ve dinamikler), gerilim yap\u0131s\u0131 in\u015faatlar\u0131, \u00e7elik yap\u0131lar, in\u015faat kontrol\u00fc.<br \/>\n5. Hassas Bilgi Sunumu: Yap\u0131lar\u0131n geometrik konumlar\u0131n\u0131n kontrol\u00fc.<br \/>\n6. D\u00f6k\u00fcman \u0130\u015fleme: Jeodezik \u00f6l\u00e7\u00fcmlerin kameral\u0131 i\u015flenmesi ve do\u011fruluk de\u011ferlendirilmesi.<br \/>\n7. Uygulama Dok\u00fcmantasyonu: \u0130cra edilen jeodezik dok\u00fcmantasyonun haz\u0131rlanmas\u0131.<\/p>\n<p><strong>M\u00fchendislik ve Jeodezik \u00c7izimler<\/strong><\/p>\n<p>1. Program Haz\u0131rlama: M\u00fchendislik ve jeodezik \u00e7izimler i\u00e7in programlar haz\u0131rlama ve sipari\u015fe uygun uygulama.<br \/>\n2. Kapsaml\u0131 VG\u0130 ve \u0130G\u0130: \u0130n\u015faat\u0131n ve altyap\u0131 objelerinin \u00e7e\u015fitli \u00f6l\u00e7eklerde incelenmesi ve belgelendirilmesi.<br \/>\n3. Teknik Haz\u0131rl\u0131k: M\u00fchendislik ve jeodezik ara\u015ft\u0131rmalar\u0131 i\u00e7in teknik haz\u0131rl\u0131klar yapma.<br \/>\n4. Ba\u015far\u0131l\u0131 Ge\u00e7i\u015f: Jeodezik ara\u015ft\u0131rmalar\u0131n ba\u015far\u0131l\u0131 bir \u015fekilde tamamlanmas\u0131.<\/p>\n<div><strong>Yersel Lazer Tarama<\/strong><\/div>\n<div><\/div>\n<div>1.Ara\u015ft\u0131rma nesnesi hakk\u0131nda co\u011frafi verilerin toplanmas\u0131 i\u00e7in tam bir i\u015f kompleksi ger\u00e7ekle\u015ftirilmesi.<\/div>\n<div>2.Teknik raporlar\u0131n haz\u0131rlanmas\u0131.<\/div>\n<div>3.Ger\u00e7ek 3 boyutlu modellerin (bina ve yap\u0131) proje verileriyle kar\u015f\u0131la\u015ft\u0131rmal\u0131 analizine dayal\u0131 olarak in\u015fas\u0131.<\/div>\n<div>4.\u0130n\u015faat etkisi alt\u0131na giren binalar\u0131n ve yap\u0131lar\u0131n izlenmesi.<\/div>\n<div><\/div>\n<div><strong>Jeodezik A\u011flar\u0131n Tasar\u0131m\u0131<\/strong><\/div>\n<div><\/div>\n<div>1.POGP a\u015famas\u0131 PD geodezik i\u015flerin projelerinin olu\u015fturulmas\u0131.<\/div>\n<div>2.Rusya Federasyonu ve T\u00fcrkiye Cumhuriyeti\u2019nde POGP\u2019nin e\u015flik ve korunmas\u0131.<\/div>\n<div>3.T\u00fcm jeodezik i\u015fler i\u00e7in kapsaml\u0131 bir maliyet tahmininin olu\u015fturulmas\u0131.<\/div>\n<div><\/div>\n<div><strong>Hava Lazer Tarama VLS<\/strong><\/div>\n<div><\/div>\n<div>1.Ara\u015ft\u0131rma nesnesi hakk\u0131nda co\u011frafi verilerin toplanmas\u0131 i\u00e7in tam bir i\u015f kompleksi ger\u00e7ekle\u015ftirilmesi.<\/div>\n<div>2.Teknik raporlar\u0131n haz\u0131rlanmas\u0131.<\/div>\n<div>3.Ger\u00e7ek 3 boyutlu modellerin (bina ve yap\u0131) proje verileriyle kar\u015f\u0131la\u015ft\u0131rmal\u0131 analizine dayal\u0131 olarak in\u015fas\u0131.<\/div>\n<div>4.VLS temelinde M1:2000 kartografik malzemelerin haz\u0131rlanmas\u0131.<\/div>\n<div>5.Potansiyel ka\u00e7ak (\u0131s\u0131 veya so\u011fuk) tespiti i\u00e7in infrared kontrol sistemleriyle birlikte VLS uygulamas\u0131.<\/div>\n<div><\/div>\n<div><strong>Co\u011frafi Bilgi Sistemleri<\/strong><\/div>\n<div><\/div>\n<div>Nesnelerin emlak hakk\u0131nda co\u011frafi bilgi taban\u0131n\u0131n olu\u015fturulmas\u0131 (konut fonu, petrol ve gaz end\u00fcstrisi nesneleri elektronik haritalar\u0131).<\/div>\n<div><\/div>\n<div>1.Hareketli nesnelerin konumunun kontrol\u00fc, trafik ak\u0131\u015f\u0131 bilgisi, yol y\u00fck\u00fcn\u00fcn optimal hesaplanmas\u0131.<\/div>\n<div>2.\u015eehir ve b\u00f6lgesel m\u00fchendislik ileti\u015fimlerinin kontrol\u00fc (su temini, su ar\u0131tma, elektrik, zay\u0131f ak\u0131m a\u011flar\u0131).<\/div>\n<div>3.Kartografik materyallerin veri taban\u0131n\u0131n dijitalle\u015ftirilmesi.<\/div>\n<div>Jeodinamik Poligonlar\u0131n Olu\u015fturulmas\u0131 GDP<\/div>\n<div><\/div>\n<div><strong>GDP\u2019deki i\u015fler i\u00e7in program geli\u015ftirme.<\/strong><\/div>\n<div><\/div>\n<div>\n<div>1. GTP\u2019nin olu\u015fturulmas\u0131 (nokta yerle\u015fimi).<\/div>\n<div>2.I. s\u0131n\u0131f program\u0131na g\u00f6re y\u00fcksek hassasiyetli nivelman.<\/div>\n<div>3.VGS program\u0131na g\u00f6re uydu g\u00f6zlemleri.<\/div>\n<div>4.Astronomik-jeodezik g\u00f6zlem.<\/div>\n<div>5.Gravimetrik g\u00f6zlemler.<\/div>\n<div>6.GTP noktalar\u0131n\u0131n yatay ve dikey konumlar\u0131ndaki de\u011fi\u015fim s\u00fcre\u00e7lerinin korelasyon analizinin yer ald\u0131\u011f\u0131 teknik raporlar\u0131n haz\u0131rlanmas\u0131.<\/div>\n<div>7.Hidrostatik nivelman.<\/div>\n<\/div>\n<div><\/div>\n<div><\/div>\n<\/div><\/div><\/div><\/div><\/div>\n","protected":false},"excerpt":{"rendered":"","protected":false},"author":1,"featured_media":0,"parent":0,"menu_order":0,"comment_status":"closed","ping_status":"closed","template":"100-width.php","meta":{"footnotes":""},"class_list":["post-15","page","type-page","status-publish","hentry"],"_links":{"self":[{"href":"https:\/\/www.globalmapengineering.com\/tr\/wp-json\/wp\/v2\/pages\/15","targetHints":{"allow":["GET"]}}],"collection":[{"href":"https:\/\/www.globalmapengineering.com\/tr\/wp-json\/wp\/v2\/pages"}],"about":[{"href":"https:\/\/www.globalmapengineering.com\/tr\/wp-json\/wp\/v2\/types\/page"}],"author":[{"embeddable":true,"href":"https:\/\/www.globalmapengineering.com\/tr\/wp-json\/wp\/v2\/users\/1"}],"replies":[{"embeddable":true,"href":"https:\/\/www.globalmapengineering.com\/tr\/wp-json\/wp\/v2\/comments?post=15"}],"version-history":[{"count":7,"href":"https:\/\/www.globalmapengineering.com\/tr\/wp-json\/wp\/v2\/pages\/15\/revisions"}],"predecessor-version":[{"id":223,"href":"https:\/\/www.globalmapengineering.com\/tr\/wp-json\/wp\/v2\/pages\/15\/revisions\/223"}],"wp:attachment":[{"href":"https:\/\/www.globalmapengineering.com\/tr\/wp-json\/wp\/v2\/media?parent=15"}],"curies":[{"name":"wp","href":"https:\/\/api.w.org\/{rel}","templated":true}]}}