{"id":12,"date":"2024-06-07T18:37:25","date_gmt":"2024-06-07T15:37:25","guid":{"rendered":"https:\/\/www.globalmapengineering.com\/tr\/?page_id=12"},"modified":"2024-08-06T14:40:21","modified_gmt":"2024-08-06T11:40:21","slug":"hakkimizda","status":"publish","type":"page","link":"https:\/\/www.globalmapengineering.com\/tr\/hakkimizda\/","title":{"rendered":"HAKKIMIZDA"},"content":{"rendered":"<div class=\"fusion-fullwidth fullwidth-box fusion-builder-row-1 fusion-flex-container has-pattern-background has-mask-background nonhundred-percent-fullwidth non-hundred-percent-height-scrolling\" style=\"--awb-border-radius-top-left:0px;--awb-border-radius-top-right:0px;--awb-border-radius-bottom-right:0px;--awb-border-radius-bottom-left:0px;--awb-flex-wrap:wrap;\" ><div class=\"fusion-builder-row fusion-row fusion-flex-align-items-flex-start fusion-flex-content-wrap\" style=\"max-width:1248px;margin-left: calc(-4% \/ 2 );margin-right: calc(-4% \/ 2 );\"><div class=\"fusion-layout-column fusion_builder_column fusion-builder-column-0 fusion_builder_column_1_1 1_1 fusion-flex-column\" style=\"--awb-bg-size:cover;--awb-width-large:100%;--awb-margin-top-large:0px;--awb-spacing-right-large:1.92%;--awb-margin-bottom-large:20px;--awb-spacing-left-large:1.92%;--awb-width-medium:100%;--awb-order-medium:0;--awb-spacing-right-medium:1.92%;--awb-spacing-left-medium:1.92%;--awb-width-small:100%;--awb-order-small:0;--awb-spacing-right-small:1.92%;--awb-spacing-left-small:1.92%;\"><div class=\"fusion-column-wrapper fusion-column-has-shadow fusion-flex-justify-content-flex-start fusion-content-layout-column\"><div class=\"fusion-title title fusion-title-1 fusion-title-text fusion-title-size-one\" style=\"--awb-margin-top-small:10px;--awb-margin-right-small:0px;--awb-margin-bottom-small:10px;--awb-margin-left-small:0px;--awb-sep-color:#315b75;\"><div class=\"title-sep-container title-sep-container-left fusion-no-large-visibility fusion-no-medium-visibility fusion-no-small-visibility\"><div class=\"title-sep sep-double sep-dashed\" style=\"border-color:#315b75;\"><\/div><\/div><span class=\"awb-title-spacer fusion-no-large-visibility fusion-no-medium-visibility fusion-no-small-visibility\"><\/span><h1 class=\"fusion-title-heading title-heading-left awb-gradient-text\" style=\"margin:0;background-color:#61a2c7;background-image:linear-gradient(180deg, #61a2c7 42%,#315b75 60%);\">HAKKIMIZDA<\/h1><span class=\"awb-title-spacer\"><\/span><div class=\"title-sep-container title-sep-container-right\"><div class=\"title-sep sep-double sep-dashed\" style=\"border-color:#315b75;\"><\/div><\/div><\/div><div class=\"fusion-text fusion-text-1\"><p>&#8220;Global Map Engineering \u015firketi, Rusya Federasyonu ve T\u00fcrkiye Cumhuriyeti&#8217;nden y\u00fcksek d\u00fczeyde profesyonel uzmanlar bar\u0131nd\u0131ran bir ekipten olu\u015fmaktad\u0131r. M\u00fchendislik personelinin kalitesi, \u015firketin pazardaki rekabet g\u00fcc\u00fcn\u00fcn temel fakt\u00f6r\u00fcd\u00fcr ve geni\u015f bir m\u00fchendislik jeodezisi ve jeodezik izleme hizmetleri yelpazesi sunmaktad\u0131r. \u015eirketin t\u00fcm projelerinde temel olan rasyonel m\u00fchendislik \u00e7\u00f6z\u00fcmleri, \u015firket uzmanlar\u0131n\u0131n geli\u015ftirdi\u011fi programlarla desteklenmektedir. Global Map Engineering, jeodezik i\u015fler \u00fcretimi projeleri birle\u015ftirilmesi rol\u00fc ile \u00f6nemli bir rekabet avantaj\u0131 elde etmi\u015ftir. Modern jeodezik ekipman park\u0131na sahip olmak, \u015firketin ortaklar\u0131 ile i\u015fbirli\u011fi i\u00e7inde her t\u00fcrl\u00fc jeodezik izleme ve m\u00fchendislik g\u00f6revlerini \u00e7\u00f6zmesini sa\u011flar, bu da sonu\u00e7 olarak m\u00fc\u015fterilerimizin stratejilerine uygundur.<\/p>\n<\/div><\/div><\/div><\/div><\/div>\n","protected":false},"excerpt":{"rendered":"","protected":false},"author":1,"featured_media":0,"parent":0,"menu_order":0,"comment_status":"closed","ping_status":"closed","template":"100-width.php","meta":{"footnotes":""},"class_list":["post-12","page","type-page","status-publish","hentry"],"_links":{"self":[{"href":"https:\/\/www.globalmapengineering.com\/tr\/wp-json\/wp\/v2\/pages\/12","targetHints":{"allow":["GET"]}}],"collection":[{"href":"https:\/\/www.globalmapengineering.com\/tr\/wp-json\/wp\/v2\/pages"}],"about":[{"href":"https:\/\/www.globalmapengineering.com\/tr\/wp-json\/wp\/v2\/types\/page"}],"author":[{"embeddable":true,"href":"https:\/\/www.globalmapengineering.com\/tr\/wp-json\/wp\/v2\/users\/1"}],"replies":[{"embeddable":true,"href":"https:\/\/www.globalmapengineering.com\/tr\/wp-json\/wp\/v2\/comments?post=12"}],"version-history":[{"count":4,"href":"https:\/\/www.globalmapengineering.com\/tr\/wp-json\/wp\/v2\/pages\/12\/revisions"}],"predecessor-version":[{"id":220,"href":"https:\/\/www.globalmapengineering.com\/tr\/wp-json\/wp\/v2\/pages\/12\/revisions\/220"}],"wp:attachment":[{"href":"https:\/\/www.globalmapengineering.com\/tr\/wp-json\/wp\/v2\/media?parent=12"}],"curies":[{"name":"wp","href":"https:\/\/api.w.org\/{rel}","templated":true}]}}